{"id":620,"date":"2015-04-29T19:18:13","date_gmt":"2015-04-29T19:18:13","guid":{"rendered":"http:\/\/thescripturecache.com\/?page_id=620"},"modified":"2026-02-11T22:59:42","modified_gmt":"2026-02-11T22:59:42","slug":"latest-uploads","status":"publish","type":"page","link":"https:\/\/thescripturecache.com\/?page_id=620","title":{"rendered":"New Uploads"},"content":{"rendered":"<p>Views: 67<\/p><p><span style=\"color: #b22222;\"><span style=\"font-size: 16px;\"><span style=\"font-family: georgia,serif;\"><strong>Click<\/strong><em><strong> on any title to open it.\u00a0<\/strong><\/em><strong><em>Each document opens in 150% magnification. Change the document size by clicking on the controls at the bottom-center of each document page.<\/em><\/strong><\/span><\/span><\/span><\/p>\n<p><span style=\"color: #b22222;\"><span style=\"font-size: 16px;\"><span style=\"font-family: georgia,serif;\"><strong><em><span style=\"color: #0000cd;\"><span style=\"text-decoration: underline;\">On your desktop computer<\/span>, enter a <span style=\"color: #800000;\">word<\/span> in the &#8220;Search&#8221; blank (top left-hand side bar) to bring up articles\/MSS that contain the <span style=\"color: #800000;\">word<\/span> you entered in their respective titles. Or, utilize the list of pre-assigned <span style=\"color: #800000;\">topics<\/span> in the &#8220;Categories&#8221; section under the &#8220;Search&#8221; tool. (Regrettably, these features are not available in phone and tablet versions.)<\/span><\/em><\/strong><\/span><\/span><\/span><\/p>\n<p><span style=\"color: #006400;\"><span style=\"font-size: 16px;\"><span style=\"font-family: georgia,serif;\"><strong><em>Share this WEBSITE PAGE on social media by clicking the respective\u00a0icon(s) immediately above. Share any OPEN PDF DOCUMENT by clicking on the &#8220;share&#8221; icon\u00a0in the document&#8217;s menu bar (upper right corner).<\/em><\/strong><\/span><\/span><\/span><\/p>\n<p><span style=\"color: #800080;\"><span style=\"font-size: 16px;\"><strong><em><span style=\"font-family: georgia,serif;\">New \u00a0files of various lengths will appear on this page from time-to-time. These will gradually be moved to other appropriate pages, according to their respective lengths.<\/span><\/em><\/strong><\/span><\/span><\/p>\n<p style=\"text-align: center;\" data-speechify-sentence=\"\"><span style=\"color: #0000ff; font-size: 18pt;\"><strong><span style=\"font-family: georgia, palatino, serif;\"><span style=\"color: #ff0000;\"><span style=\"caret-color: #ff0000;\">Check out our new page:<\/span><\/span><\/span><\/strong><\/span><\/p>\n<p style=\"text-align: center;\" data-speechify-sentence=\"\"><span style=\"font-size: 18pt;\"><span style=\"color: #0000ff;\"><strong><span style=\"font-family: georgia, palatino, serif;\">McClish Sermon<\/span><\/strong><\/span><span style=\"color: #0000ff;\"><strong><span style=\"font-family: georgia, palatino, serif;\">Videos<\/span><\/strong><\/span><\/span><\/p>\n<p style=\"text-align: center;\"><span style=\"color: #0000ff; font-family: georgia, palatino, serif;\"><strong><span style=\"font-size: 18pt;\">SPECIAL <em><span style=\"text-decoration: underline; color: #ff0000;\">FREE<\/span><\/em> MANUAL FOR SONG LEADERS<\/span><\/strong><\/span><\/p>\n<p><span style=\"font-family: 'book antiqua', palatino, serif; font-size: 14pt; color: #000000;\"><a style=\"color: #000000;\" href=\"https:\/\/thescripturecache.com\/wp-content\/uploads\/2024\/01\/MUSIC-FUND.-FOR-SONG-LEADERS-1.pdf\">Music Fundamentals for Song Leaders<\/a><\/span><\/p>\n<blockquote><p><em>Congregational &#8220;singing schools&#8221;&#8230;provided training for song leaders for several generations These had already begun to disappear by the 1960s. Observing that void prompted me, in 1965, to prepare a booklet for those who lead singing in our worship assemblies&#8230;I was&#8230;prompted to pull my old, age-yellowed copy from its file when a young, inexperienced song leader indicated that he would welcome such help. My coppy was so unattractive and inadequate in many ways that I was too embarrassed to give it to anyone. Rather, I decided to produce a &#8220;new and improved&#8221; version, thus taking advantage of attractive printing, type, and graphics as well as improving its content&#8230;<\/em><\/p><\/blockquote>\n<p><span style=\"font-family: 'book antiqua', palatino, serif; font-size: 14pt; color: #000000;\"><a style=\"color: #000000;\" href=\"https:\/\/thescripturecache.com\/wp-content\/uploads\/2025\/05\/Cual-es-la-obra-de-la-iglesia-1.pdf\">Cual es la obra de la iglesia<\/a><\/span><\/p>\n<blockquote>\n<div><em><span lang=\"ES-MX\" style=\"font-family: arial, helvetica, sans-serif;\">Hace varios a\u00f1os, una familia visit\u00f3 la asamblea matutina del D\u00eda del Se\u00f1or donde yo predicaba. Despu\u00e9s de conversar con ellos, hicieron algunas preguntas: \u201c\u00bfQu\u00e9 tipo de programa tienen para los adolescentes?<\/span><\/em><\/div>\n<\/blockquote>\n<p><span style=\"font-family: 'book antiqua', palatino, serif; font-size: 14pt; color: #000000;\"><a style=\"color: #000000;\" href=\"https:\/\/thescripturecache.com\/wp-content\/uploads\/2025\/05\/Cuando-el-corazon-esta-perdido-1.pdf\">Cuando el corazon esta perdido<\/a><\/span><\/p>\n<blockquote>\n<div><em><span lang=\"ES-MX\">Al estudiar la triste historia de las apostas\u00edas c\u00edclicas de los descendientes de Jacob, es dif\u00edcil no criticar duramente su locura.<\/span><\/em><\/div>\n<\/blockquote>\n<div>\n<p><span style=\"font-family: 'book antiqua', palatino, serif; font-size: 14pt; color: #000000;\"><span style=\"font-family: 'book antiqua', palatino, serif; font-size: 14pt; color: #000000;\"><a style=\"color: #000000;\" href=\"https:\/\/thescripturecache.com\/wp-content\/uploads\/2025\/05\/Demasiado-bueno-para-ser-verdad-1.pdf\">Demasiado bueno para ser verdad<\/a><\/span><\/span><\/p>\n<blockquote>\n<div><em><em><span lang=\"ES-MX\" style=\"font-family: arial, helvetica, sans-serif;\">Cuando las mujeres que descubrieron la tumba vac\u00eda del Se\u00f1or llevaron la noticia a los ap\u00f3stoles, al principio se mostraron incr\u00e9dulos y la calificaron de \u201cdisparates\u201d (Lucas 24:8-11, LBLA).<\/span><\/em><\/em><\/div>\n<\/blockquote>\n<div>\n<p><span style=\"font-family: 'book antiqua', palatino, serif; font-size: 14pt; color: #000000;\"><span style=\"font-family: 'book antiqua', palatino, serif; font-size: 14pt; color: #000000;\"><a style=\"color: #000000;\" href=\"https:\/\/thescripturecache.com\/wp-content\/uploads\/2025\/05\/Edificando-a-la-iglesia-a-traves-del-canto.pdf\">Edificando a la iglesia a traves del canto<\/a><\/span><\/span><\/p>\n<blockquote>\n<div><em><span lang=\"ES-MX\" style=\"font-family: arial, helvetica, sans-serif;\">Muchas caracter\u00edsticas distinguen a la humanidad de todas las formas inferiores de vida animal.<\/span><\/em><\/div>\n<\/blockquote>\n<div>\n<p><span style=\"font-family: 'book antiqua', palatino, serif; font-size: 14pt; color: #000000;\"><span style=\"font-family: 'book antiqua', palatino, serif; font-size: 14pt; color: #000000;\"><a style=\"color: #000000;\" href=\"https:\/\/thescripturecache.com\/wp-content\/uploads\/2025\/06\/Edificando-a-la-iglesia-a-traves-del-hogar-1.pdf\">Edificando a la iglesia a traves del hogar<\/a><\/span><\/span><\/p>\n<blockquote>\n<div><em><span lang=\"ES-MX\" style=\"font-family: arial, helvetica, sans-serif;\">De las tres instituciones ordenadas por Dios \u2014la iglesia, el gobierno civil y el hogar\u2014, el hogar es la m\u00e1s antigua. Su estabilidad y salud (o su ausencia) afectan fundamentalmente la estabilidad y salud de las otras dos instituciones. <\/span><\/em><\/div>\n<\/blockquote>\n<\/div>\n<\/div>\n<\/div>\n<div>\n<div>\n<div>\n<p><span style=\"font-family: 'book antiqua', palatino, serif; font-size: 14pt; color: #000000;\"><span style=\"font-family: 'book antiqua', palatino, serif; font-size: 14pt; color: #000000;\"><a style=\"color: #000000;\" href=\"https:\/\/thescripturecache.com\/wp-content\/uploads\/2025\/05\/Jesus-describe-la-vida-cristiana.pdf\">Jesus describe la vida cristiana<\/a><\/span><\/span><\/p>\n<blockquote>\n<div><em><span lang=\"ES-MX\" style=\"font-family: arial, helvetica, sans-serif;\">Jes\u00fas es el gran modelo para la vida de cada hombre, seg\u00fan las Escrituras: \u201cdec\u00eda a todos: Si alguno quiere venir en pos de m\u00ed, ni\u00e9guese a s\u00ed mismo, tome su cruz cada d\u00eda, y s\u00edgame\u201d (Lucas 9:23); \u201cHaya, pues, en vosotros este sentir que hubo tambi\u00e9n en Cristo Jes\u00fas\u2026\u201d (Filipenses 2:5); \u201cPues para esto fuisteis llamados; porque tambi\u00e9n Cristo padeci\u00f3 por nosotros, dej\u00e1ndonos ejemplo, para que sig\u00e1is sus pisadas\u201d (1 Pedro 2:21).<\/span><\/em><\/div>\n<\/blockquote>\n<\/div>\n<\/div>\n<div>\n<p><span style=\"font-family: 'book antiqua', palatino, serif; font-size: 14pt; color: #000000;\"><a style=\"color: #000000;\" href=\"https:\/\/thescripturecache.com\/wp-content\/uploads\/2025\/05\/La-necesidad-de-obedecer-la-palabra-de-Dios.pdf\">La necesidad de obedecer la palabra de Dios<\/a><\/span><\/p>\n<\/div>\n<div>\n<blockquote>\n<div><em><span lang=\"ES-MX\"><span style=\"font-family: arial, helvetica, sans-serif;\">Desde casi la primera p\u00e1gina de la Biblia, y ciertamente hasta la \u00faltima, la Palabra de Dios nos presenta la necesidad de obedecer a Dios.<\/span><\/span><\/em><\/div>\n<\/blockquote>\n<\/div>\n<\/div>\n<div>\n<p><span style=\"color: #000000; font-size: 14pt;\"><em><span style=\"font-family: arial, helvetica, sans-serif;\"><a style=\"color: #000000;\" href=\"https:\/\/thescripturecache.com\/wp-content\/uploads\/2025\/05\/La-vida-libera-de-la-ansiedad.pdf\">La vida libera de la ansiedad<\/a><\/span><\/em><\/span><\/p>\n<blockquote>\n<div><em><span lang=\"ES-MX\">A menudo, nuestras vidas son como una moneda de dos caras. El lado positivo est\u00e1 marcado por emociones como la satisfacci\u00f3n, la paz mental, la felicidad y la alegr\u00eda.<\/span><\/em><\/div>\n<\/blockquote>\n<div>\n<p><span style=\"font-family: 'book antiqua', palatino, serif; font-size: 14pt; color: #000000;\"><span style=\"font-family: 'book antiqua', palatino, serif; font-size: 14pt; color: #000000;\"><a style=\"color: #000000;\" href=\"https:\/\/thescripturecache.com\/wp-content\/uploads\/2025\/05\/Pensamientos-sobre-la-buena-educacion-en-la-adoracion.pdf\">Pensamientos sobre la buena educacion en la adoracion<\/a><\/span><\/span><\/p>\n<blockquote>\n<div><span style=\"font-family: arial, helvetica, sans-serif;\"><em><span lang=\"ES-MX\">La adoraci\u00f3n aceptable debe estar centrada en Dios, no en el hombre. Por no entender o recordar este hecho, muchos est\u00e1n introduciendo pr\u00e1cticas extra\u00f1as en las reuniones de adoraci\u00f3n porque estas cosas les agradan, les emocionan y les hacen sentir bien. <\/span><\/em><\/span><\/div>\n<\/blockquote>\n<\/div>\n<p><span style=\"font-family: 'book antiqua', palatino, serif; color: #000000; font-size: 14pt;\"><span style=\"font-family: 'book antiqua', palatino, serif; color: #000000; font-size: 14pt;\"><span lang=\"ES-MX\"><a style=\"color: #000000;\" href=\"https:\/\/thescripturecache.com\/wp-content\/uploads\/2025\/05\/Por-que-el-plan-de-salvacion-fue-necesario-1.pdf\">Por<\/a><\/span><span lang=\"ES-MX\"><a style=\"color: #000000;\" href=\"https:\/\/thescripturecache.com\/wp-content\/uploads\/2025\/05\/Por-que-el-plan-de-salvacion-fue-necesario-1.pdf\"> que el plan de salvacion fue necesario<\/a><\/span><\/span><\/span><\/p>\n<blockquote>\n<p style=\"font-weight: 400;\"><em><span style=\"font-family: arial, helvetica, sans-serif;\">La Biblia es un libro sobre el pecado y un Salvador. Pablo anunci\u00f3 maravillosas noticias a este respecto:<\/span><\/em><\/p>\n<\/blockquote>\n<\/div>\n<p style=\"margin: 0px; font-size: 11px; line-height: normal; font-family: Helvetica;\"><span style=\"font-family: 'book antiqua', palatino, serif; font-size: 14pt; color: #000000;\"><a style=\"color: #000000;\" href=\"https:\/\/thescripturecache.com\/wp-content\/uploads\/2025\/05\/Que-paso-con-los-primeros-principios.pdf\">Que paso con los &#8220;primeros principios&#8221;<\/a><\/span><\/p>\n<blockquote>\n<div><em><span lang=\"ES-MX\"><span style=\"font-family: arial, helvetica, sans-serif;\">Hablar de \u201cprimeros principios\u201d en cualquier campo de actividad es hablar de cosas b\u00e1sicas, elementales, fundamentales y rudimentarias.<\/span><\/span><\/em><\/div>\n<\/blockquote>\n<div><span style=\"font-family: 'book antiqua', palatino, serif; font-size: 14pt; color: #000000;\"><a style=\"color: #000000;\" href=\"https:\/\/thescripturecache.com\/wp-content\/uploads\/2025\/05\/Respeto-por-lo-terminos-biblicos-1-5.pdf\">Respeto por lo terminos biblicos No. 1<\/a><\/span><\/div>\n<div>\n<blockquote>\n<div><span lang=\"ES\"><em>La Biblia afirma su inspiraci\u00f3n tanto en el Antiguo como en el Nuevo Testamento. Uno no lee mucho en el Nuevo Testamento sin que le sorprenda la reverencia de sus escritores (y de los a que citan) por el Antiguo Testamento como la misma Palabra de Dios.<\/em><\/span><\/div>\n<\/blockquote>\n<div>\n<p><span style=\"font-family: 'book antiqua', palatino, serif; font-size: 14pt; color: #000000;\"><span style=\"font-family: 'book antiqua', palatino, serif; font-size: 14pt; color: #000000;\"><a style=\"color: #000000;\" href=\"https:\/\/thescripturecache.com\/wp-content\/uploads\/2025\/05\/Respeto-por-lo-terminos-biblicos-2-1.pdf\">Respeto por lo terminos biblicos No \u00a02<\/a><\/span><\/span><\/p>\n<blockquote>\n<div><em><span lang=\"ES\" style=\"font-family: arial, helvetica, sans-serif;\">Gran parte, si no la mayor\u00eda, de la divisi\u00f3n y confusi\u00f3n religiosa en nuestro mundo es el resultado de la falta de respeto y uso de los t\u00e9rminos de las Escrituras tal como se usan en las Escrituras.<\/span><\/em><\/div>\n<\/blockquote>\n<div>\n<p><span style=\"font-family: 'book antiqua', palatino, serif; font-size: 14pt; color: #000000;\"><span style=\"font-family: 'book antiqua', palatino, serif; font-size: 14pt; color: #000000;\"><a style=\"color: #000000;\" href=\"https:\/\/thescripturecache.com\/wp-content\/uploads\/2025\/05\/Respeto-por-lo-terminos-biblicos-3-1.pdf\">Respeto por lo terminos biblicos No. 3<\/a><\/span><\/span><\/p>\n<blockquote>\n<div><em><span lang=\"ES\" style=\"font-family: arial, helvetica, sans-serif;\">Gran parte, si no la mayor\u00eda, de la divisi\u00f3n y confusi\u00f3n religiosa en nuestro mundo es el resultado de la falta de respeto y uso de los t\u00e9rminos de las Escrituras tal como se usan en las Escrituras.<\/span><\/em><\/div>\n<\/blockquote>\n<div>\n<p><span style=\"font-family: 'book antiqua', palatino, serif; font-size: 14pt; color: #000000;\"><span style=\"font-family: 'book antiqua', palatino, serif; font-size: 14pt; color: #000000;\">\u00a0<a style=\"color: #000000;\" href=\"https:\/\/thescripturecache.com\/wp-content\/uploads\/2025\/05\/Respeto-por-lo-terminos-biblicos-4-1.pdf\">Respeto por lo terminos biblicos No. 4<\/a><\/span><\/span><\/p>\n<blockquote>\n<div><em><span lang=\"ES\"><span style=\"font-family: arial, helvetica, sans-serif;\">Uno no respeta realmente la Palabra de Dios a menos que respete las palabras de la Palabra de Dios, porque las palabras son inspiradas (1 Corintios 2:13).<\/span><\/span><\/em><\/div>\n<\/blockquote>\n<div><\/div>\n<\/div>\n<\/div>\n<\/div>\n<\/div>\n<p style=\"font-weight: 400;\"><span style=\"font-family: georgia,serif;\"><span style=\"font-size: 14px;\">Copyright 2006\u20132026. <span style=\"color: #ff0000;\">All our materials are free.<\/span>\u00a0You may download and distribute them, as long as you do so\u00a0<span style=\"color: #ff0000;\">free of charge<\/span>\u2014and with appropriate\u00a0attribution as to author and source.<\/span><\/span><\/p>\n<div>\n<blockquote>\n<div><\/div>\n<\/blockquote>\n<\/div>\n<p>&nbsp;<\/p>\n","protected":false},"excerpt":{"rendered":"<p>Views: 67Click on any title to open it.\u00a0Each document opens in 150% magnification. Change the document size by clicking on the controls at the bottom-center of each document page. On your desktop computer, enter a word in the &#8220;Search&#8221; blank (top left-hand side bar) to&#8230;<\/p>\n<div class=\"easywp-readmore\"><a class=\"read-more-link\" href=\"https:\/\/thescripturecache.com\/?page_id=620\">Continue Reading&#8230;<span class=\"easywp-sr-only\">  New Uploads<\/span><\/a><\/div>\n","protected":false},"author":1,"featured_media":0,"parent":0,"menu_order":6,"comment_status":"open","ping_status":"closed","template":"","meta":{"footnotes":""},"class_list":["post-620","page","type-page","status-publish","hentry"],"_links":{"self":[{"href":"https:\/\/thescripturecache.com\/index.php?rest_route=\/wp\/v2\/pages\/620","targetHints":{"allow":["GET"]}}],"collection":[{"href":"https:\/\/thescripturecache.com\/index.php?rest_route=\/wp\/v2\/pages"}],"about":[{"href":"https:\/\/thescripturecache.com\/index.php?rest_route=\/wp\/v2\/types\/page"}],"author":[{"embeddable":true,"href":"https:\/\/thescripturecache.com\/index.php?rest_route=\/wp\/v2\/users\/1"}],"replies":[{"embeddable":true,"href":"https:\/\/thescripturecache.com\/index.php?rest_route=%2Fwp%2Fv2%2Fcomments&post=620"}],"version-history":[{"count":2091,"href":"https:\/\/thescripturecache.com\/index.php?rest_route=\/wp\/v2\/pages\/620\/revisions"}],"predecessor-version":[{"id":24168,"href":"https:\/\/thescripturecache.com\/index.php?rest_route=\/wp\/v2\/pages\/620\/revisions\/24168"}],"wp:attachment":[{"href":"https:\/\/thescripturecache.com\/index.php?rest_route=%2Fwp%2Fv2%2Fmedia&parent=620"}],"curies":[{"name":"wp","href":"https:\/\/api.w.org\/{rel}","templated":true}]}}